{"id":493,"date":"2018-10-15T20:43:14","date_gmt":"2018-10-15T20:43:14","guid":{"rendered":"http:\/\/wordpress-89239-751427.cloudwaysapps.com\/?page_id=493"},"modified":"2021-10-14T10:16:36","modified_gmt":"2021-10-14T10:16:36","slug":"homepage-2","status":"publish","type":"page","link":"https:\/\/casasoenga.com\/pt\/","title":{"rendered":"Homepage"},"content":{"rendered":"<p>[vc_row][vc_column]<div style=\"clear:both; width:100%; height:50px\"><\/div>\t\t<div class=\"homey-module module-title section-title-module text-center \">\r\n\t\t\t<h2 >A Casa<\/h2>\r\n\r\n\t\t\t<p style=\"font-size: 15px; \" class=\"sub-heading\"><\/p>\r\n\t\t<\/div>\r\n\t\t<div style=\"clear:both; width:100%; height:30px\"><\/div>\r\n\t\t<div class=\"module-wrap property-module-grid listing-carousel-next-prev-82udQ property-module-grid-slider property-module-grid-slider-3cols\">\r\n\t\t\t<div class=\"listing-wrap item-grid-view\">\r\n\t\t\t\t<div class=\"row\">\r\n\t\t\t\t\t<div id=\"homey-listing-carousel-82udQ\" data-token=\"82udQ\" class=\"homey-carousel homey-carouse-elementor item-grid-slider-view item-grid-slider-view-3cols\">\r\n\t\t\t\t\t\t<div class=\"item-wrap infobox_trigger homey-matchHeight\"  data-id=\"2714\">\n    <div class=\"media property-item\">\n        <div class=\"media-left\">\n            <div class=\"item-media item-media-thumb\">\n                \n                \n                <a class=\"hover-effect\" href=\"https:\/\/casasoenga.com\/pt\/listing\/casa-soenga\/\">\n                <img width=\"450\" height=\"300\" src=\"https:\/\/casasoenga.com\/wp-content\/uploads\/2021\/11\/77505834fdc5-450x300.jpg\" class=\"img-responsive wp-post-image\" alt=\"28300\" loading=\"lazy\" srcset=\"https:\/\/casasoenga.com\/wp-content\/uploads\/2021\/11\/77505834fdc5-450x300.jpg 450w, https:\/\/casasoenga.com\/wp-content\/uploads\/2021\/11\/77505834fdc5-300x200.jpg 300w, https:\/\/casasoenga.com\/wp-content\/uploads\/2021\/11\/77505834fdc5-1024x683.jpg 1024w, https:\/\/casasoenga.com\/wp-content\/uploads\/2021\/11\/77505834fdc5-768x512.jpg 768w, https:\/\/casasoenga.com\/wp-content\/uploads\/2021\/11\/77505834fdc5-1140x760.jpg 1140w, https:\/\/casasoenga.com\/wp-content\/uploads\/2021\/11\/77505834fdc5-120x80.jpg 120w, https:\/\/casasoenga.com\/wp-content\/uploads\/2021\/11\/77505834fdc5-750x500.jpg 750w, https:\/\/casasoenga.com\/wp-content\/uploads\/2021\/11\/77505834fdc5.jpg 1500w\" sizes=\"(max-width: 450px) 100vw, 450px\" \/>                <\/a>\n\n                \n                                <div class=\"item-user-image\">\n                    <img src=\"https:\/\/casasoenga.com\/wp-content\/themes\/homey\/images\/avatar.png\" class=\"img-responsive img-circle\" alt=\"ynnovadmin\" width=\"36\" height=\"36\">                <\/div>\n                            <\/div>\n        <\/div>\n        <div class=\"media-body item-body clearfix\">\n            <div class=\"item-title-head table-block\">\n                <div class=\"title-head-left\">\n                    <h2 class=\"title\"><a href=\"https:\/\/casasoenga.com\/pt\/listing\/casa-soenga\/\">\n                    Casa Soenga<\/a><\/h2>\n                                    <\/div>\n            <\/div>\n\n                        <ul class=\"item-amenities\">\n                \n                \n                \n                \n                                <li class=\"item-type\">\n                    <span class=\"carousel-item-tipology\">Tipologia:<\/span>\n                    Casa<\/li>\n                            <\/ul>\n            \n                        <div class=\"item-user-image list-item-hidden\">\n                    <img src=\"https:\/\/casasoenga.com\/wp-content\/themes\/homey\/images\/avatar.png\" class=\"img-responsive img-circle\" alt=\"ynnovadmin\" width=\"36\" height=\"36\">                    <span class=\"item-user-info\">Hosted by<br>\n                    ynnovadmin<\/span>\n            <\/div>\n            \n            <div class=\"item-footer\">\n\n                                <div class=\"footer-right\">\n                    <div class=\"item-tools\">\n                        <div class=\"btn-group dropup\">\n                            <button class=\"btn-item-tools dropdown-toggle\" type=\"button\" data-toggle=\"dropdown\" aria-haspopup=\"true\" aria-expanded=\"false\"><i class=\"fa fa-ellipsis-v\" aria-hidden=\"true\"><\/i><\/button>\n<ul class=\"dropdown-menu\">\n    <li>\n    \t<a class=\"homey_compare compare-2714\" href=\"\" data-listing_id=\"2714\">Compare<\/a>\n    <\/li>\n    <li>\n    \t<a href=\"\" class=\"add_fav\" data-listid=\"2714\">\n    \t\tAdd to Favorite    \t<\/a>\n    <\/li>\n<\/ul>                        <\/div>\n                    <\/div>\n                <\/div>\n                \n                \n            <\/div>\n        <\/div>\n    <\/div>\n<\/div><!-- .item-wrap -->\t\t\t\t\t<\/div>\r\n\t\t\t\t<\/div>\r\n\t\t\t<\/div><!-- grid-listing-page -->\r\n\t\t<\/div>\r\n\t\t\r\n\t\t<div style=\"clear:both; width:100%; height:30px\"><\/div>[\/vc_column][\/vc_row][vc_row][vc_column]\t\t<div class=\"homey-module module-title section-title-module text-center \">\r\n\t\t\t<h2 >Casa Soenga<\/h2>\r\n\r\n\t\t\t<p  class=\"sub-heading\"><\/p>\r\n\t\t<\/div>\r\n\t\t[vc_row_inner][vc_column_inner width=&#8221;1\/2&#8243;][vc_column_text css_animation=&#8221;bounceInLeft&#8221;]<\/p>\n<p class=\"v1gmail-p1\">Envolta por um bosque e um ribeiro, a Casa Soenga oferece vistas exuberantes sobre a montanha e o rio, em harmonia com a natureza e em total conforto.<\/p>\n<p class=\"v1gmail-p1\">Esta casa de montanha foi restaurada com um mindset minimalista, focado no conforto e na contempla\u00e7\u00e3o.<\/p>\n<p class=\"v1gmail-p1\">A decora\u00e7\u00e3o, simples e funcional, d\u00e1 primazia \u00e0 qualidade dos materiais, imiscuindo-se com a luz quente sobre o granito, a madeira e o vidro de toda a casa.<\/p>\n<p class=\"v1gmail-p1\">Constru\u00edda sobre uma colina, a casa e os seus tr\u00eas quartos minimalistas revelam a escolha de linho, algod\u00e3o percal e juta como principais materiais que os dominam, garantindo noites tranquilas e com o m\u00e1ximo conforto para seis h\u00f3spedes.<span class=\"v1gmail-Apple-converted-space\">\u00a0<\/span><\/p>\n<p class=\"v1gmail-p1\">Os quartos est\u00e3o divididos entre uma suite double, um quarto double e um quarto twin. Os dois \u00faltimos partilham uma casa de banho totalmente equipada.<\/p>\n<p class=\"v1gmail-p1\">A escadaria de madeira abre-se para as \u00e1reas de estar, jantar e cozinhar. Neste caloroso open space, a zona funcional comum de toda a casa, de p\u00e9 direito alto, expande-se para duas varandas voltadas para o rio e montanha.<\/p>\n<p class=\"v1gmail-p1\">Os 2000 m\u00b2 da propriedade desdobram-se em diferentes patamares e jardins, envoltos pelo bosque e ribeiro, oferecendo in\u00fameras formas de estar e se divertir no exterior, em absoluta privacidade.<\/p>\n<p class=\"v1gmail-p1\">Quer seja a relaxar sob a copa das \u00e1rvores junto ao ribeiro, a tomar banhos de sol no deck da<span class=\"v1gmail-Apple-converted-space\">\u00a0\u00a0<\/span>piscina de \u00e1gua salgada, no barbecue no terra\u00e7o ou em pura contempla\u00e7\u00e3o numa das varandas, a Casa Soenga \u00e9 um retiro \u00fanico em harmonia com a natureza.<\/p>\n<p class=\"v1gmail-p1\"><b>Caracter\u00edsticas<\/b><\/p>\n<ul>\n<li class=\"v1gmail-p1\">Propriedade privada de 2000 m\u00b2<span class=\"v1gmail-Apple-converted-space\">\u00a0<\/span><\/li>\n<li class=\"v1gmail-p1\">Jardins<\/li>\n<li class=\"v1gmail-p1\">Vista montanha e rio<\/li>\n<li class=\"v1gmail-p1\">Piscina de \u00e1gua salgada<\/li>\n<li class=\"v1gmail-p1\">BBQ<\/li>\n<li class=\"v1gmail-p1\">Zona de refei\u00e7\u00f5es exterior<\/li>\n<li class=\"v1gmail-p1\">Tr\u00eas quartos<\/li>\n<li class=\"v1gmail-p1\">Tr\u00eas quartos com amenities<span class=\"v1gmail-Apple-converted-space\">\u00a0<\/span><\/li>\n<li class=\"v1gmail-p1\">Cozinha totalmente equipada<\/li>\n<li class=\"v1gmail-p1\">Zonas de estar e refei\u00e7\u00f5es<\/li>\n<li class=\"v1gmail-p1\">Internet por fibra<\/li>\n<li class=\"v1gmail-p1\">Wifi<\/li>\n<\/ul>\n<p class=\"v1gmail-p1\">TV<\/p>\n<p class=\"v1gmail-p1\"><b>\u00c0 volta<\/b><\/p>\n<p class=\"v1gmail-p1\">A Cani\u00e7ada dista a uma hora de carro do Porto e trinta minutos de Braga.<\/p>\n<p class=\"v1gmail-p1\">A regi\u00e3o, em particular o Parque Nacional da Peneda-Ger\u00eas, oferece vistas deslumbrantes, trilhos de hikes e outros desportos, acesso a cascatas, florestas e montanhas intocadas, al\u00e9m dos produtos gastron\u00f3micos e vinhos inigual\u00e1veis da regi\u00e3o.<\/p>\n<p class=\"v1gmail-p1\"><b>Localiza\u00e7\u00e3o<\/b><\/p>\n<p class=\"v1gmail-p1\">Cani\u00e7ada, Vieira do Minho, Portugal.<span class=\"v1gmail-Apple-converted-space\">\u00a0<\/span><\/p>\n<p class=\"v1gmail-p1\">Aeroportos pr\u00f3ximos: Porto (1h), Braga (30min), Vigo (1h30)<\/p>\n<p class=\"v1gmail-p1\"><b>Info<\/b><\/p>\n<p class=\"v1gmail-p1\">Check in: 16h00<\/p>\n<p class=\"v1gmail-p1\">Check out: 10h00<\/p>\n<p>[\/vc_column_text][\/vc_column_inner][vc_column_inner width=&#8221;1\/2&#8243;][vc_images_carousel images=&#8221;2795,2794,2793,2792,2791,2790,2789,2788&#8243; img_size=&#8221;full&#8221;][\/vc_column_inner][\/vc_row_inner][vc_empty_space height=&#8221;50px&#8221;][\/vc_column][\/vc_row][vc_row full_width=&#8221;stretch_row&#8221; disable_element=&#8221;yes&#8221; css=&#8221;.vc_custom_1630485852539{background-color: #f1f2f3 !important;}&#8221;][vc_column css_animation=&#8221;bounceInUp&#8221; css=&#8221;.vc_custom_1613674775311{background-color: #f9f9f9 !important;}&#8221;]<div style=\"clear:both; width:100%; height:50px\"><\/div>\t\t<div class=\"homey-module module-title section-title-module text-center \">\r\n\t\t\t<h2 >Escolha o seu destino ou a tipologia pretendida<\/h2>\r\n\r\n\t\t\t<p  class=\"sub-heading\"><\/p>\r\n\t\t<\/div>\r\n\t\t<div style=\"clear:both; width:100%; height:30px\"><\/div>\r\n\t\t<div class=\"module-wrap taxonomy-grid taxonomy-grid-1\">\r\n\t\t\t<div class=\"row\">\r\n\t\t\t\t\r\n\t\t\t\t\t<div class=\"col-lg-6 col-md-6 col-sm-6 col-xs-12\">\r\n\t\t\t\t\t\t<div class=\"taxonomy-item taxonomy-card\">\r\n\t\t\t\t\t\t\t<a class=\"taxonomy-link hover-effect\" href=\"\/search-results\/?listing_type=house\">\r\n\t\t\t\t\t\t\t\t<div class=\"taxonomy-title\">Casa<\/div>\r\n\t\t\t\t\t\t\t\t<img class=\"img-responsive\" src=\"https:\/\/placehold.it\/555x360\" width=\"555\" height=\"360\" alt=\"listing_type\">\r\n\t\t\t\t\t\t\t<\/a>\r\n\t\t\t\t\t\t<\/div>\r\n\t\t\t\t\t<\/div>\r\n\r\n\t\t\t\t\t\t\t\t\t\r\n\t\t\t<\/div>\r\n\t\t<\/div>\r\n\t\t\r\n\t\t[vc_btn title=&#8221;Conhe\u00e7a todos os nossos alojamentos&#8221; color=&#8221;inverse&#8221; size=&#8221;sm&#8221; align=&#8221;center&#8221; button_block=&#8221;true&#8221; el_class=&#8221;.btn&#8221; css=&#8221;.vc_custom_1613674710212{margin-top: -30px !important;}&#8221; link=&#8221;url:https%3A%2F%2Fynnovation.net%2Fys-yb-web2%2Fhalf-map%2F|title:Half%20Map&#8221;]<div style=\"clear:both; width:100%; height:80px\"><\/div>[\/vc_column][\/vc_row][vc_row][vc_column]\t\t<div class=\"homey-module module-title section-title-module text-center homey-section-title-light\">\r\n\t\t\t<h2 >Campanhas Promocionais<\/h2>\r\n\r\n\t\t\t<p style=\"font-size: 15px; \" class=\"sub-heading\">Reserve directamente connosco e beneficie do melhor pre\u00e7o. Temos v\u00e1rias campanhas em vigor que oferecem descontos consoante a anteced\u00eancia ou dura\u00e7\u00e3o da estadia.<\/p>\r\n\t\t<\/div>\r\n\t\t[vc_row_inner equal_height=&#8221;yes&#8221;][vc_column_inner el_class=&#8221;promo-ynnov&#8221; width=&#8221;1\/3&#8243;]\t\t<div class=\"item-promo\">\r\n\t\t\t<div class=\"media\">\r\n\t\t\t\t\t\t\t\t<div class=\"item-promo-image\">\r\n\t\t\t\t\t<div class=\"item-media item-media-thumb\">\r\n\t\t\t\t\t\t<a href=\"https:\/\/web.ynnovbooking.com\/?l=pt&#038;apikey=3kRmQLuPE6bCMx0D8XaDlnqqQl0n21DO\">\r\n\t\t\t\t\t\t\t<img width=\"1\" height=\"1\" src=\"https:\/\/casasoenga.com\/wp-content\/uploads\/2021\/02\/icon_tags.svg\" class=\"img-responsive\" alt=\"\" loading=\"lazy\" \/>\t\t\t\t\t\t<\/a>\r\n\t\t\t\t\t<\/div>\r\n\t\t\t\t<\/div>\r\n\t\t\t\t\t\t\t\t<div class=\"media-body item-body\">\r\n\t\t\t\t\t<div class=\"item-title-head\">\r\n\t\t\t\t\t\t<div class=\"text-left\">\r\n\t\t\t\t\t\t\t<h2 class=\"title\">\r\n\t\t\t\t\t\t\t\t<a href=\"https:\/\/web.ynnovbooking.com\/?l=pt&#038;apikey=3kRmQLuPE6bCMx0D8XaDlnqqQl0n21DO\">Reserva Semanais<\/a>\r\n\t\t\t\t\t\t\t<\/h2>\r\n\t\t\t\t\t\t\tEm estadias que contemplam um m\u00ednimo de 7 noites usufrua de 10% de desconto no total da estadia.\t\t\t\t\t\t<\/div>\r\n\t\t\t\t\t<\/div>\r\n\t\t\t\t\t\t\t\t\t\t<div class=\"item-promo-footer\">\r\n\t\t\t\t\t\t<a href=\"https:\/\/web.ynnovbooking.com\/?l=pt&#038;apikey=3kRmQLuPE6bCMx0D8XaDlnqqQl0n21DO\">Reservar<\/a>\r\n\t\t\t\t\t<\/div>\r\n\t\t\t\t\t\t\t\t\t<\/div>\r\n\t\t\t<\/div>\r\n\t\t<\/div>\r\n\r\n\t\t[\/vc_column_inner][vc_column_inner el_class=&#8221;promo-ynnov&#8221; width=&#8221;1\/3&#8243;]\t\t<div class=\"item-promo\">\r\n\t\t\t<div class=\"media\">\r\n\t\t\t\t\t\t\t\t<div class=\"item-promo-image\">\r\n\t\t\t\t\t<div class=\"item-media item-media-thumb\">\r\n\t\t\t\t\t\t<a href=\"https:\/\/web.ynnovbooking.com\/?l=pt&#038;apikey=3kRmQLuPE6bCMx0D8XaDlnqqQl0n21DO\">\r\n\t\t\t\t\t\t\t<img width=\"1\" height=\"1\" src=\"https:\/\/casasoenga.com\/wp-content\/uploads\/2021\/02\/icon_tags.svg\" class=\"img-responsive\" alt=\"\" loading=\"lazy\" \/>\t\t\t\t\t\t<\/a>\r\n\t\t\t\t\t<\/div>\r\n\t\t\t\t<\/div>\r\n\t\t\t\t\t\t\t\t<div class=\"media-body item-body\">\r\n\t\t\t\t\t<div class=\"item-title-head\">\r\n\t\t\t\t\t\t<div class=\"text-left\">\r\n\t\t\t\t\t\t\t<h2 class=\"title\">\r\n\t\t\t\t\t\t\t\t<a href=\"https:\/\/web.ynnovbooking.com\/?l=pt&#038;apikey=3kRmQLuPE6bCMx0D8XaDlnqqQl0n21DO\">Reserva Antecipada<\/a>\r\n\t\t\t\t\t\t\t<\/h2>\r\n\t\t\t\t\t\t\tReserve com pelo menos 4 semanas de anteced\u00eancia e usufrua de um desconto de 5% na sua estadia.\t\t\t\t\t\t<\/div>\r\n\t\t\t\t\t<\/div>\r\n\t\t\t\t\t\t\t\t\t\t<div class=\"item-promo-footer\">\r\n\t\t\t\t\t\t<a href=\"https:\/\/web.ynnovbooking.com\/?l=pt&#038;apikey=3kRmQLuPE6bCMx0D8XaDlnqqQl0n21DO\">Reservar<\/a>\r\n\t\t\t\t\t<\/div>\r\n\t\t\t\t\t\t\t\t\t<\/div>\r\n\t\t\t<\/div>\r\n\t\t<\/div>\r\n\r\n\t\t[\/vc_column_inner][vc_column_inner el_class=&#8221;promo-ynnov&#8221; width=&#8221;1\/3&#8243;]\t\t<div class=\"item-promo\">\r\n\t\t\t<div class=\"media\">\r\n\t\t\t\t\t\t\t\t<div class=\"item-promo-image\">\r\n\t\t\t\t\t<div class=\"item-media item-media-thumb\">\r\n\t\t\t\t\t\t<a href=\"https:\/\/web.ynnovbooking.com\/?l=pt&#038;apikey=3kRmQLuPE6bCMx0D8XaDlnqqQl0n21DO\">\r\n\t\t\t\t\t\t\t<img width=\"1\" height=\"1\" src=\"https:\/\/casasoenga.com\/wp-content\/uploads\/2021\/02\/icon_tags.svg\" class=\"img-responsive\" alt=\"\" loading=\"lazy\" \/>\t\t\t\t\t\t<\/a>\r\n\t\t\t\t\t<\/div>\r\n\t\t\t\t<\/div>\r\n\t\t\t\t\t\t\t\t<div class=\"media-body item-body\">\r\n\t\t\t\t\t<div class=\"item-title-head\">\r\n\t\t\t\t\t\t<div class=\"text-left\">\r\n\t\t\t\t\t\t\t<h2 class=\"title\">\r\n\t\t\t\t\t\t\t\t<a href=\"https:\/\/web.ynnovbooking.com\/?l=pt&#038;apikey=3kRmQLuPE6bCMx0D8XaDlnqqQl0n21DO\">Estadias Longas<\/a>\r\n\t\t\t\t\t\t\t<\/h2>\r\n\t\t\t\t\t\t\t<\/p>\n<div data-pm-slice=\"1 1 []\" data-en-clipboard=\"true\">Em estadias que contemplam um m\u00ednimo de 30 noites usufrua de 2o% de desconto no total da estadia.<\/div>\n<p>\t\t\t\t\t\t<\/div>\r\n\t\t\t\t\t<\/div>\r\n\t\t\t\t\t\t\t\t\t\t<div class=\"item-promo-footer\">\r\n\t\t\t\t\t\t<a href=\"https:\/\/web.ynnovbooking.com\/?l=pt&#038;apikey=3kRmQLuPE6bCMx0D8XaDlnqqQl0n21DO\">Reservar<\/a>\r\n\t\t\t\t\t<\/div>\r\n\t\t\t\t\t\t\t\t\t<\/div>\r\n\t\t\t<\/div>\r\n\t\t<\/div>\r\n\r\n\t\t[\/vc_column_inner][\/vc_row_inner][\/vc_column][\/vc_row][vc_row full_width=&#8221;stretch_row&#8221; disable_element=&#8221;yes&#8221; css=&#8221;.vc_custom_1630485969577{background-color: #ffffff !important;}&#8221;][vc_column]<div style=\"clear:both; width:100%; height:50px\"><\/div>\t\t<div class=\"homey-module module-title section-title-module text-center \">\r\n\t\t\t<h2 >O Que dizem os nossos h\u00f3spedes<\/h2>\r\n\r\n\t\t\t<p style=\"font-size: 15px; \" class=\"sub-heading\">A nossa melhor recompensa \u00e9 a satisfa\u00e7\u00e3o dos nossos h\u00f3spedes<\/p>\r\n\t\t<\/div>\r\n\t\t<div style=\"clear:both; width:100%; height:30px\"><\/div>\n        <!--start testimonials module-->\n        \n                        <script>\n                jQuery(document).ready(function ($) {\n\n                    $('.testimonials-slider').slick({\n                        rtl: false,\n                        lazyLoad: 'ondemand',\n                        infinite: true,\n                        speed: 300,\n                        slidesToShow: 4,\n                        arrows: true,\n                        adaptiveHeight: true,\n                        dots: true,\n                        appendArrows: '.testimonials-module-slider',\n                        prevArrow: '<button type=\"button\" class=\"slick-prev\">Anterior<\/button>',\n                        nextArrow: '<button type=\"button\" class=\"slick-next\">Seguinte<\/button>',\n                        responsive: [\n                        {\n                            breakpoint: 992,\n                            settings: {\n                                slidesToShow: 2,\n                                slidesToScroll: 2\n                            }\n                        },\n                        {\n                            breakpoint: 769,\n                            settings: {\n                                slidesToShow: 1,\n                                slidesToScroll: 1\n                            }\n                        }]\n                    });\n\n                });\n            <\/script>\n\n            <div class=\"module-wrap testimonials-module testimonials-module-slider\">\n                <div class=\"testimonials-slider-wrap\">\n                    <div class=\"row\">\n                        <div class=\"testimonials-slider\">\n                                                    <\/div>\n                    <\/div>\n                <\/div>\n            <\/div>\n\n                <!--end post testimonials module-->\n\n\n        [\/vc_column][\/vc_row][vc_row full_width=&#8221;stretch_row_content_no_spaces&#8221;][vc_column][vc_gmaps link=&#8221;#E-8_JTNDaWZyYW1lJTIwd2lkdGglM0QlMjI3MDAlMjIlMjBoZWlnaHQlM0QlMjI0NDAlMjIlMjBzcmMlM0QlMjJodHRwcyUzQSUyRiUyRm1hcHMuZ29vZ2xlLmNvbSUyRm1hcHMlM0Z3aWR0aCUzRDcwMCUyNmFtcCUzQmhlaWdodCUzRDQ0MCUyNmFtcCUzQmhsJTNEZW4lMjZhbXAlM0JxJTNENDg1MC0wNTMlMjUyMENhbmklMjVDMyUyNUE3YWRhJTJCJTI4Q2FzYSUyNTIwU29lbmdhJTI5JTI2YW1wJTNCaWUlM0RVVEY4JTI2YW1wJTNCdCUzRCUyNmFtcCUzQnolM0QxNCUyNmFtcCUzQml3bG9jJTNEQiUyNmFtcCUzQm91dHB1dCUzRGVtYmVkJTIyJTIwZnJhbWVib3JkZXIlM0QlMjIwJTIyJTIwc2Nyb2xsaW5nJTNEJTIybm8lMjIlMjBtYXJnaW5oZWlnaHQlM0QlMjIwJTIyJTIwbWFyZ2lud2lkdGglM0QlMjIwJTIyJTNFJTNDJTJGaWZyYW1lJTNF&#8221;][\/vc_column][\/vc_row]<\/p>","protected":false},"excerpt":{"rendered":"<p>[vc_row][vc_column][\/vc_column][\/vc_row][vc_row][vc_column][vc_row_inner][vc_column_inner width=&#8221;1\/2&#8243;][vc_column_text css_animation=&#8221;bounceInLeft&#8221;] Envolta por um bosque e um ribeiro, a Casa Soenga oferece vistas exuberantes sobre a montanha e o rio, em harmonia com a natureza e em total conforto. Esta casa de montanha foi restaurada com um mindset minimalista, focado no conforto e na contempla\u00e7\u00e3o. A decora\u00e7\u00e3o, simples e funcional, d\u00e1 primazia \u00e0 [&hellip;]<\/p>\n","protected":false},"author":1,"featured_media":0,"parent":0,"menu_order":0,"comment_status":"closed","ping_status":"closed","template":"template\/template-homepage.php","meta":{"inline_featured_image":false,"_joinchat":[]},"_links":{"self":[{"href":"https:\/\/casasoenga.com\/pt\/wp-json\/wp\/v2\/pages\/493"}],"collection":[{"href":"https:\/\/casasoenga.com\/pt\/wp-json\/wp\/v2\/pages"}],"about":[{"href":"https:\/\/casasoenga.com\/pt\/wp-json\/wp\/v2\/types\/page"}],"author":[{"embeddable":true,"href":"https:\/\/casasoenga.com\/pt\/wp-json\/wp\/v2\/users\/1"}],"replies":[{"embeddable":true,"href":"https:\/\/casasoenga.com\/pt\/wp-json\/wp\/v2\/comments?post=493"}],"version-history":[{"count":0,"href":"https:\/\/casasoenga.com\/pt\/wp-json\/wp\/v2\/pages\/493\/revisions"}],"wp:attachment":[{"href":"https:\/\/casasoenga.com\/pt\/wp-json\/wp\/v2\/media?parent=493"}],"curies":[{"name":"wp","href":"https:\/\/api.w.org\/{rel}","templated":true}]}}